{"id":7549,"date":"2025-09-09T02:09:51","date_gmt":"2025-09-09T02:09:51","guid":{"rendered":"https:\/\/dome-collection.com\/dome-club-x-dom-perignon\/"},"modified":"2025-11-25T09:31:55","modified_gmt":"2025-11-25T09:31:55","slug":"dome-club","status":"publish","type":"page","link":"https:\/\/dome-collection.com\/en\/the-dome-house\/dome-club\/","title":{"rendered":"D\u00f4me Club"},"content":{"rendered":"<p>[et_pb_section fb_built=&#8221;1&#8243; custom_padding_last_edited=&#8221;on|phone&#8221; _builder_version=&#8221;4.27.4&#8243; _module_preset=&#8221;default&#8221; use_background_color_gradient=&#8221;on&#8221; background_color_gradient_type=&#8221;circular&#8221; background_color_gradient_stops=&#8221;rgba(255,255,255,0) 0%|rgba(0,0,0,0.53) 99%&#8221; background_color_gradient_overlays_image=&#8221;on&#8221; background_image=&#8221;https:\/\/dome-collection.com\/wp-content\/uploads\/2025\/10\/Capture-decran-2025-10-15-a-20.26.58-1.png&#8221; parallax=&#8221;on&#8221; custom_padding=&#8221;50vh||5vh||false|false&#8221; custom_padding_tablet=&#8221;40vh||0vh||false|false&#8221; custom_padding_phone=&#8221;35vh||||false|false&#8221; locked=&#8221;off&#8221; global_colors_info=&#8221;{}&#8221;][et_pb_row _builder_version=&#8221;4.27.4&#8243; _module_preset=&#8221;default&#8221; width=&#8221;95%&#8221; global_colors_info=&#8221;{}&#8221;][et_pb_column type=&#8221;4_4&#8243; _builder_version=&#8221;4.27.4&#8243; _module_preset=&#8221;default&#8221; global_colors_info=&#8221;{}&#8221;][et_pb_text _builder_version=&#8221;4.27.4&#8243; _module_preset=&#8221;default&#8221; header_font=&#8221;|||on|||||&#8221; header_text_align=&#8221;left&#8221; header_text_color=&#8221;#FFFFFF&#8221; header_font_size=&#8221;48px&#8221; header_text_align_tablet=&#8221;left&#8221; header_text_align_phone=&#8221;center&#8221; header_text_align_last_edited=&#8221;on|phone&#8221; header_font_size_tablet=&#8221;38px&#8221; header_font_size_phone=&#8221;30px&#8221; header_font_size_last_edited=&#8221;on|phone&#8221; global_colors_info=&#8221;{}&#8221;]<\/p>\n<h1>D\u00f4me Club x Dom P\u00e9rignon<\/h1>\n<p>[\/et_pb_text][lwp_divi_breadcrumbs font_icon=&#8221;&#x24;||divi||400&#8243; use_before_icon=&#8221;off&#8221; use_custom_home_link=&#8221;off&#8221; link_color=&#8221;#FFFFFF&#8221; separator_color=&#8221;#FFFFFF&#8221; _builder_version=&#8221;4.27.4&#8243; _module_preset=&#8221;default&#8221; module_font=&#8221;|300||on|||||&#8221; module_text_align=&#8221;left&#8221; module_text_color=&#8221;#FFFFFF&#8221; module_font_size=&#8221;15px&#8221; module_line_height=&#8221;1.3em&#8221; hover_enabled=&#8221;0&#8243; module_text_align_tablet=&#8221;left&#8221; module_text_align_phone=&#8221;center&#8221; module_text_align_last_edited=&#8221;on|phone&#8221; global_colors_info=&#8221;{}&#8221; sticky_enabled=&#8221;0&#8243;][\/lwp_divi_breadcrumbs][\/et_pb_column][\/et_pb_row][\/et_pb_section][et_pb_section fb_built=&#8221;1&#8243; custom_padding_last_edited=&#8221;on|phone&#8221; _builder_version=&#8221;4.27.4&#8243; _module_preset=&#8221;default&#8221; custom_padding=&#8221;5vw||5vw||true|false&#8221; custom_padding_tablet=&#8221;5vw||5vw||true|false&#8221; custom_padding_phone=&#8221;5vw||5vw||true|false&#8221; locked=&#8221;off&#8221; global_colors_info=&#8221;{}&#8221;][et_pb_row column_structure=&#8221;2_5,3_5&#8243; use_custom_gutter=&#8221;on&#8221; gutter_width=&#8221;2&#8243; _builder_version=&#8221;4.27.4&#8243; _module_preset=&#8221;default&#8221; width=&#8221;95%&#8221; custom_margin=&#8221;||7vw||false|false&#8221; custom_padding=&#8221;||||false|false&#8221; locked=&#8221;off&#8221; global_colors_info=&#8221;{}&#8221;][et_pb_column type=&#8221;2_5&#8243; _builder_version=&#8221;4.27.4&#8243; _module_preset=&#8221;default&#8221; global_colors_info=&#8221;{}&#8221;][et_pb_text _builder_version=&#8221;4.27.4&#8243; _module_preset=&#8221;default&#8221; text_font=&#8221;|300|||||||&#8221; text_font_size=&#8221;15px&#8221; header_2_font=&#8221;|||on|||||&#8221; header_2_font_size=&#8221;32px&#8221; width=&#8221;95%&#8221; width_tablet=&#8221;95%&#8221; width_phone=&#8221;90%&#8221; width_last_edited=&#8221;on|phone&#8221; module_alignment=&#8221;left&#8221; custom_margin=&#8221;||||false|false&#8221; custom_padding=&#8221;||||false|false&#8221; header_2_font_size_tablet=&#8221;30px&#8221; header_2_font_size_phone=&#8221;28px&#8221; header_2_font_size_last_edited=&#8221;on|phone&#8221; text_orientation_tablet=&#8221;left&#8221; text_orientation_phone=&#8221;center&#8221; text_orientation_last_edited=&#8221;on|phone&#8221; module_alignment_tablet=&#8221;left&#8221; module_alignment_phone=&#8221;center&#8221; module_alignment_last_edited=&#8221;on|phone&#8221; global_colors_info=&#8221;{}&#8221;]<\/p>\n<h2>D\u00d4ME CLUB <\/h2>\n<h2>THE SIGNATURE OF EXCLUSIVITY<\/h2>\n<p>[\/et_pb_text][et_pb_text _builder_version=&#8221;4.27.4&#8243; _module_preset=&#8221;default&#8221; text_font=&#8221;|300|||||||&#8221; text_font_size=&#8221;15px&#8221; header_2_font=&#8221;|||on|||||&#8221; header_2_font_size=&#8221;32px&#8221; width=&#8221;100%&#8221; width_tablet=&#8221;95%&#8221; width_phone=&#8221;80%&#8221; width_last_edited=&#8221;on|phone&#8221; module_alignment=&#8221;left&#8221; custom_margin=&#8221;||||false|false&#8221; custom_padding=&#8221;||||false|false&#8221; header_2_font_size_tablet=&#8221;30px&#8221; header_2_font_size_phone=&#8221;28px&#8221; header_2_font_size_last_edited=&#8221;on|phone&#8221; text_orientation_tablet=&#8221;left&#8221; text_orientation_phone=&#8221;center&#8221; text_orientation_last_edited=&#8221;on|phone&#8221; module_alignment_tablet=&#8221;left&#8221; module_alignment_phone=&#8221;center&#8221; module_alignment_last_edited=&#8221;on|phone&#8221; global_colors_info=&#8221;{}&#8221;]<\/p>\n<p>Reserved for our most loyal and committed clients, D\u00d4ME CLUB embodies the very essence of privilege and bespoke service. A true private circle, it offers its members privileged access to all the expertise and personalized attention that define the D\u00d4ME signature. <\/p>\n<p>Being a member of D\u00d4ME CLUB means benefiting throughout the year from personalized support and priority access to our exclusive offers: <strong>exceptional fine wines and spirits, confidential accommodation bookings, bespoke experiences, and emergency solutions<\/strong> to meet demanding or last-minute requests.<\/p>\n<p>Thanks to our privileged network and trusted partnerships, every request is met with a response that lives up to your expectations. <strong>D\u00d4ME CLUB<\/strong> is the promise of an excellent service, discreet, responsive, and entirely dedicated to your comfort and pleasure.<\/p>\n<p>Our members share a common philosophy: that of beauty, rarity, and high standards. They access a world where every detail matters, where the impossible becomes possible, and where service transforms into an art of living. <\/p>\n<p>Access to the <strong>D\u00d4ME CLUB<\/strong> is reserved for those who wish to experience D\u00d4ME in its full dimension.<\/p>\n<p>[\/et_pb_text][\/et_pb_column][et_pb_column type=&#8221;3_5&#8243; module_class=&#8221;two-images-bottom&#8221; _builder_version=&#8221;4.27.4&#8243; _module_preset=&#8221;default&#8221; global_colors_info=&#8221;{}&#8221;][et_pb_image src=&#8221;https:\/\/dome-collection.com\/wp-content\/uploads\/2025\/10\/peter-thomas-sVUb8CwPmnI-unsplash-scaled.jpg&#8221; alt=&#8221;D\u00f4me Club&#8221; title_text=&#8221;peter-thomas-sVUb8CwPmnI-unsplash&#8221; show_bottom_space=&#8221;off&#8221; align=&#8221;center&#8221; module_class=&#8221;imgleft hover-effect no-gap&#8221; _builder_version=&#8221;4.27.4&#8243; _module_preset=&#8221;default&#8221; positioning=&#8221;relative&#8221; position_origin_r=&#8221;bottom_left&#8221; custom_margin=&#8221;|0px||0px|false|false&#8221; custom_padding=&#8221;|0px||0px|false|false&#8221; global_colors_info=&#8221;{}&#8221; custom_css_main_element__hover_enabled=&#8221;off|desktop&#8221; custom_css_main_element__hover=&#8221;  transform: scale(1.1);&#8221;][\/et_pb_image][et_pb_image src=&#8221;https:\/\/dome-collection.com\/wp-content\/uploads\/2025\/10\/Capture-decran-2025-10-15-a-20.26.34.png&#8221; alt=&#8221;D\u00f4me Club&#8221; title_text=&#8221;Capture d\u2019e\u0301cran 2025-10-15 a\u0300 20.26.34&#8243; show_bottom_space=&#8221;off&#8221; align=&#8221;center&#8221; module_class=&#8221;imgright hover-effect no-gap&#8221; _builder_version=&#8221;4.27.4&#8243; _module_preset=&#8221;default&#8221; custom_margin=&#8221;|0px||0px|false|false&#8221; custom_padding=&#8221;|0px||0px|false|false&#8221; global_colors_info=&#8221;{}&#8221; custom_css_main_element__hover_enabled=&#8221;off|desktop&#8221; custom_css_main_element__hover=&#8221;  transform: scale(1.1);&#8221;][\/et_pb_image][\/et_pb_column][\/et_pb_row][\/et_pb_section][et_pb_section fb_built=&#8221;1&#8243; _builder_version=&#8221;4.27.4&#8243; _module_preset=&#8221;default&#8221; locked=&#8221;off&#8221; global_colors_info=&#8221;{}&#8221;][et_pb_row column_structure=&#8221;2_5,3_5&#8243; use_custom_gutter=&#8221;on&#8221; gutter_width=&#8221;2&#8243; _builder_version=&#8221;4.27.4&#8243; _module_preset=&#8221;default&#8221; width=&#8221;95%&#8221; custom_margin=&#8221;||7vw||false|false&#8221; custom_margin_tablet=&#8221;||5vw||false|false&#8221; custom_margin_phone=&#8221;||2vw||false|false&#8221; custom_margin_last_edited=&#8221;on|phone&#8221; custom_padding=&#8221;||||false|false&#8221; locked=&#8221;off&#8221; global_colors_info=&#8221;{}&#8221;][et_pb_column type=&#8221;2_5&#8243; _builder_version=&#8221;4.27.4&#8243; _module_preset=&#8221;default&#8221; custom_padding=&#8221;|20px|||false|false&#8221; global_colors_info=&#8221;{}&#8221;][et_pb_text _builder_version=&#8221;4.27.4&#8243; _module_preset=&#8221;default&#8221; text_font=&#8221;|300|||||||&#8221; text_font_size=&#8221;15px&#8221; header_2_font=&#8221;|||on|||||&#8221; header_2_font_size=&#8221;32px&#8221; width=&#8221;95%&#8221; width_tablet=&#8221;95%&#8221; width_phone=&#8221;90%&#8221; width_last_edited=&#8221;on|phone&#8221; module_alignment=&#8221;left&#8221; custom_margin=&#8221;||||false|false&#8221; custom_padding=&#8221;||||false|false&#8221; header_2_font_size_tablet=&#8221;30px&#8221; header_2_font_size_phone=&#8221;28px&#8221; header_2_font_size_last_edited=&#8221;on|phone&#8221; text_orientation_tablet=&#8221;left&#8221; text_orientation_phone=&#8221;center&#8221; text_orientation_last_edited=&#8221;on|phone&#8221; module_alignment_tablet=&#8221;left&#8221; module_alignment_phone=&#8221;center&#8221; module_alignment_last_edited=&#8221;on|phone&#8221; global_colors_info=&#8221;{}&#8221;]<\/p>\n<h2><span>d\u00f4me x DOM P\u00e9rignon<\/span><\/h2>\n<p>[\/et_pb_text][et_pb_text _builder_version=&#8221;4.27.4&#8243; _module_preset=&#8221;default&#8221; text_font=&#8221;|300|||||||&#8221; text_font_size=&#8221;15px&#8221; header_2_font=&#8221;|||on|||||&#8221; header_2_font_size=&#8221;32px&#8221; width=&#8221;100%&#8221; width_tablet=&#8221;95%&#8221; width_phone=&#8221;80%&#8221; width_last_edited=&#8221;on|phone&#8221; module_alignment=&#8221;left&#8221; custom_margin=&#8221;||||false|false&#8221; custom_padding=&#8221;||||false|false&#8221; custom_padding_tablet=&#8221;||15px||false|false&#8221; custom_padding_phone=&#8221;||20px||false|false&#8221; custom_padding_last_edited=&#8221;on|phone&#8221; header_2_font_size_tablet=&#8221;30px&#8221; header_2_font_size_phone=&#8221;28px&#8221; header_2_font_size_last_edited=&#8221;on|phone&#8221; text_orientation_tablet=&#8221;left&#8221; text_orientation_phone=&#8221;center&#8221; text_orientation_last_edited=&#8221;on|phone&#8221; module_alignment_tablet=&#8221;left&#8221; module_alignment_phone=&#8221;center&#8221; module_alignment_last_edited=&#8221;on|phone&#8221; global_colors_info=&#8221;{}&#8221;]<\/p>\n<p>Two exceptional worlds unite to celebrate <strong>the art of living, the beauty of the moment, and the emotion of sharing<\/strong>. <strong>D\u00d4ME Collection<\/strong>, a symbol of refinement and bespoke experiences, partners with <strong>Dom P\u00e9rignon<\/strong>, an icon of champagne excellence, to elevate your most precious moments.<\/p>\n<p><strong>Dom P\u00e9rignon<\/strong>, an icon of exceptional champagne, has embodied <strong>the art of vintage creation<\/strong> since the 17th century.<\/p>\n<p>Each cuv\u00e9e is the result of a singular vision: <strong>to reveal the purest harmony between time, nature, and emotion<\/strong>. More than a champagne, Dom P\u00e9rignon is a quest for the absolute, a celebration of beauty and excellence in their most accomplished expression. <\/p>\n<p><strong>D\u00d4ME<\/strong>, founded in 2014 by <strong>Hadrien and Svetlana<\/strong>, designs bespoke stays within a confidential collection of <strong>over 400 exceptional locations<\/strong> <\/p>\n<p>Chalets, villas, mas, and yachts, selected with the same exacting standards as a grand cru. From <strong>Courchevel to Saint-Tropez<\/strong>, from <strong>Val d&#8217;Is\u00e8re to Monaco<\/strong>, each address invites you to experience suspended moments, where elegance blends with the art of hospitality. <\/p>\n<p>&nbsp;<\/p>\n<p>&nbsp;<\/p>\n<p>[\/et_pb_text][\/et_pb_column][et_pb_column type=&#8221;3_5&#8243; module_class=&#8221;two-images-bottom&#8221; _builder_version=&#8221;4.27.4&#8243; _module_preset=&#8221;default&#8221; global_colors_info=&#8221;{}&#8221;][et_pb_image src=&#8221;https:\/\/dome-collection.com\/wp-content\/uploads\/2025\/10\/Capture-decran-2025-10-17-a-08.54.28.png&#8221; alt=&#8221;Dom P\u00e9rignon&#8221; title_text=&#8221;Capture d\u2019e\u0301cran 2025-10-17 a\u0300 08.54.28&#8243; show_bottom_space=&#8221;off&#8221; align=&#8221;center&#8221; module_class=&#8221;imgleft hover-effect no-gap&#8221; _builder_version=&#8221;4.27.4&#8243; _module_preset=&#8221;default&#8221; positioning=&#8221;relative&#8221; position_origin_r=&#8221;bottom_left&#8221; custom_margin=&#8221;|0px||0px|false|false&#8221; custom_padding=&#8221;|0px||0px|false|false&#8221; global_colors_info=&#8221;{}&#8221;][\/et_pb_image][et_pb_image src=&#8221;https:\/\/dome-collection.com\/wp-content\/uploads\/2025\/10\/Capture-decran-2025-10-17-a-08.56.10.png&#8221; alt=&#8221;Dom P\u00e9rignon&#8221; title_text=&#8221;Capture d\u2019e\u0301cran 2025-10-17 a\u0300 08.56.10&#8243; show_bottom_space=&#8221;off&#8221; align=&#8221;center&#8221; module_class=&#8221;imgright hover-effect no-gap&#8221; _builder_version=&#8221;4.27.4&#8243; _module_preset=&#8221;default&#8221; custom_margin=&#8221;|0px||0px|false|false&#8221; custom_padding=&#8221;|0px||0px|false|false&#8221; global_colors_info=&#8221;{}&#8221;][\/et_pb_image][\/et_pb_column][\/et_pb_row][et_pb_row column_structure=&#8221;2_5,3_5&#8243; use_custom_gutter=&#8221;on&#8221; gutter_width=&#8221;2&#8243; _builder_version=&#8221;4.27.4&#8243; _module_preset=&#8221;default&#8221; width=&#8221;95%&#8221; custom_margin=&#8221;||7vw||false|false&#8221; custom_margin_tablet=&#8221;||5vw||false|false&#8221; custom_margin_phone=&#8221;||2vw||false|false&#8221; custom_margin_last_edited=&#8221;on|phone&#8221; custom_padding=&#8221;||||false|false&#8221; locked=&#8221;off&#8221; global_colors_info=&#8221;{}&#8221;][et_pb_column type=&#8221;2_5&#8243; _builder_version=&#8221;4.27.4&#8243; _module_preset=&#8221;default&#8221; custom_padding=&#8221;|20px|||false|false&#8221; global_colors_info=&#8221;{}&#8221;][et_pb_text _builder_version=&#8221;4.27.4&#8243; _module_preset=&#8221;default&#8221; text_font=&#8221;|300|||||||&#8221; text_font_size=&#8221;15px&#8221; header_2_font=&#8221;|||on|||||&#8221; header_2_font_size=&#8221;32px&#8221; width=&#8221;100%&#8221; width_tablet=&#8221;95%&#8221; width_phone=&#8221;80%&#8221; width_last_edited=&#8221;on|phone&#8221; module_alignment=&#8221;left&#8221; custom_margin=&#8221;||||false|false&#8221; custom_padding=&#8221;||||false|false&#8221; custom_padding_tablet=&#8221;||15px||false|false&#8221; custom_padding_phone=&#8221;||20px||false|false&#8221; custom_padding_last_edited=&#8221;on|phone&#8221; header_2_font_size_tablet=&#8221;30px&#8221; header_2_font_size_phone=&#8221;28px&#8221; header_2_font_size_last_edited=&#8221;on|phone&#8221; text_orientation_tablet=&#8221;left&#8221; text_orientation_phone=&#8221;center&#8221; text_orientation_last_edited=&#8221;on|phone&#8221; module_alignment_tablet=&#8221;left&#8221; module_alignment_phone=&#8221;center&#8221; module_alignment_last_edited=&#8221;on|phone&#8221; global_colors_info=&#8221;{}&#8221;]<\/p>\n<h3>A Natural Alchemy<\/h3>\n<p><strong>Dom P\u00e9rignon elevates the moment, D\u00d4ME creates the setting.<\/strong><br \/>One elevates the senses, the other shapes the experience: together, they orchestrate <strong>the art of luxury and sharing<\/strong>.<\/p>\n<p><strong>Common vision:<\/strong> precision, beauty, and the pursuit of perfect balance.<br \/><strong>Shared experiences:<\/strong> from dinners under the stars to intimate celebrations, every moment becomes an ephemeral work of art.<br \/><strong>Bespoke signature:<\/strong> like a rare vintage, every D\u00d4ME stay is savored in its detail, its precision, its emotion.<\/p>\n<p>[\/et_pb_text][et_pb_text _builder_version=&#8221;4.27.4&#8243; _module_preset=&#8221;default&#8221; text_font=&#8221;|300|||||||&#8221; text_font_size=&#8221;15px&#8221; header_2_font=&#8221;|||on|||||&#8221; header_2_font_size=&#8221;32px&#8221; width=&#8221;100%&#8221; width_tablet=&#8221;95%&#8221; width_phone=&#8221;80%&#8221; width_last_edited=&#8221;on|phone&#8221; module_alignment=&#8221;left&#8221; custom_margin=&#8221;||||false|false&#8221; custom_padding=&#8221;||||false|false&#8221; custom_padding_tablet=&#8221;||15px||false|false&#8221; custom_padding_phone=&#8221;||20px||false|false&#8221; custom_padding_last_edited=&#8221;on|phone&#8221; header_2_font_size_tablet=&#8221;30px&#8221; header_2_font_size_phone=&#8221;28px&#8221; header_2_font_size_last_edited=&#8221;on|phone&#8221; text_orientation_tablet=&#8221;left&#8221; text_orientation_phone=&#8221;center&#8221; text_orientation_last_edited=&#8221;on|phone&#8221; module_alignment_tablet=&#8221;left&#8221; module_alignment_phone=&#8221;center&#8221; module_alignment_last_edited=&#8221;on|phone&#8221; global_colors_info=&#8221;{}&#8221;]<\/p>\n<h3>An Experience by D\u00f4me \u00d7 Dom P\u00e9rignon<\/h3>\n<p>Together, we invite you to <strong>experience luxury as a celebration<\/strong>.<\/p>\n<p><strong>D\u00d4ME<\/strong> envisions the place, creates the atmosphere, orchestrates the moment.<br \/><strong>Dom P\u00e9rignon<\/strong> unveils the cuv\u00e9e, reveals the sensation, elevates the moment.<\/p>\n<p><strong>D\u00d4ME \u00d7 Dom P\u00e9rignon<\/strong> is <strong>the alliance of place and moment<\/strong>, of gesture and taste. A French signature where <strong>every detail becomes emotion<\/strong>.<\/p>\n<p>&nbsp;<\/p>\n<p>&nbsp;<\/p>\n<p>[\/et_pb_text][\/et_pb_column][et_pb_column type=&#8221;3_5&#8243; module_class=&#8221;two-images-bottom&#8221; _builder_version=&#8221;4.27.4&#8243; _module_preset=&#8221;default&#8221; global_colors_info=&#8221;{}&#8221;][et_pb_image src=&#8221;https:\/\/dome-collection.com\/wp-content\/uploads\/2025\/09\/UNADJUSTEDNONRAW_thumb_1f76.jpg.webp&#8221; alt=&#8221;Mas Les Hauts de Gordes&#8221; title_text=&#8221;Mas Les Hauts de Gordes&#8221; show_bottom_space=&#8221;off&#8221; align=&#8221;center&#8221; module_class=&#8221;imgleft hover-effect no-gap&#8221; _builder_version=&#8221;4.27.4&#8243; _module_preset=&#8221;default&#8221; positioning=&#8221;relative&#8221; position_origin_r=&#8221;bottom_left&#8221; custom_margin=&#8221;|0px||0px|false|false&#8221; custom_padding=&#8221;|0px||0px|false|false&#8221; global_colors_info=&#8221;{}&#8221;][\/et_pb_image][et_pb_image src=&#8221;https:\/\/dome-collection.com\/wp-content\/uploads\/2025\/10\/Capture-decran-2025-10-17-a-08.54.17.png&#8221; alt=&#8221;Dom P\u00e9rignon&#8221; title_text=&#8221;Capture d\u2019e\u0301cran 2025-10-17 a\u0300 08.54.17&#8243; show_bottom_space=&#8221;off&#8221; align=&#8221;center&#8221; module_class=&#8221;imgright hover-effect no-gap&#8221; _builder_version=&#8221;4.27.4&#8243; _module_preset=&#8221;default&#8221; custom_margin=&#8221;|0px||0px|false|false&#8221; custom_padding=&#8221;|0px||0px|false|false&#8221; global_colors_info=&#8221;{}&#8221;][\/et_pb_image][\/et_pb_column][\/et_pb_row][et_pb_row use_custom_gutter=&#8221;on&#8221; gutter_width=&#8221;2&#8243; _builder_version=&#8221;4.27.4&#8243; _module_preset=&#8221;default&#8221; width=&#8221;95%&#8221; custom_margin_tablet=&#8221;||5vw||false|false&#8221; custom_margin_phone=&#8221;||2vw||false|false&#8221; custom_margin_last_edited=&#8221;off|desktop&#8221; custom_padding=&#8221;||||false|false&#8221; locked=&#8221;off&#8221; global_colors_info=&#8221;{}&#8221;][et_pb_column type=&#8221;4_4&#8243; _builder_version=&#8221;4.27.4&#8243; _module_preset=&#8221;default&#8221; custom_padding_tablet=&#8221;3vw||3vw||true|false&#8221; custom_padding_phone=&#8221;3vw||3vw||true|false&#8221; custom_padding_last_edited=&#8221;off|desktop&#8221; global_colors_info=&#8221;{}&#8221;][et_pb_text _builder_version=&#8221;4.27.4&#8243; _module_preset=&#8221;default&#8221; text_font=&#8221;|300|||||||&#8221; text_font_size=&#8221;15px&#8221; header_2_font=&#8221;|||on|||||&#8221; header_2_text_align=&#8221;center&#8221; header_2_font_size=&#8221;32px&#8221; width=&#8221;95%&#8221; width_tablet=&#8221;95%&#8221; width_phone=&#8221;90%&#8221; width_last_edited=&#8221;on|phone&#8221; module_alignment=&#8221;left&#8221; custom_margin=&#8221;||||false|false&#8221; custom_padding=&#8221;||||false|false&#8221; header_2_font_size_tablet=&#8221;30px&#8221; header_2_font_size_phone=&#8221;28px&#8221; header_2_font_size_last_edited=&#8221;on|phone&#8221; text_orientation_tablet=&#8221;left&#8221; text_orientation_phone=&#8221;center&#8221; text_orientation_last_edited=&#8221;on|phone&#8221; module_alignment_tablet=&#8221;left&#8221; module_alignment_phone=&#8221;center&#8221; module_alignment_last_edited=&#8221;on|phone&#8221; locked=&#8221;off&#8221; global_colors_info=&#8221;{}&#8221;]<\/p>\n<h2><span>Log in to D\u00f4me Club<\/span><\/h2>\n<p>[\/et_pb_text][et_pb_text _builder_version=&#8221;4.27.4&#8243; _module_preset=&#8221;default&#8221; custom_padding=&#8221;|15px|20px|15px|false|true&#8221; global_colors_info=&#8221;{}&#8221;][user_registration_login][\/et_pb_text][\/et_pb_column][\/et_pb_row][\/et_pb_section]<\/p>\n","protected":false},"excerpt":{"rendered":"<p>D\u00f4me Club x Dom P\u00e9rignon<div class=\"et_pb_module lwp_divi_breadcrumbs lwp_divi_breadcrumbs_0\">\n\t\t\t\t\n\t\t\t\t\n\t\t\t\t\n\t\t\t\t\n\t\t\t\t\n\t\t\t\t\n\t\t\t\t<div class=\"et_pb_module_inner\">\n\t\t\t\t\t<div class=\"lwp-breadcrumbs\"> <span class=\"before\"><\/span> <span vocab=\"https:\/\/schema.org\/\" typeof=\"BreadcrumbList\"><span property=\"itemListElement\" typeof=\"ListItem\"><a property=\"item\" typeof=\"WebPage\" href=\"https:\/\/dome-collection.com\/en\/\" class=\"home\"><span property=\"name\">Home<\/span><\/a><meta property=\"position\" content=\"1\"><\/span> <span class=\"separator et-pb-icon\">$<\/span> <\/span><\/div>\n\t\t\t\t<\/div>\n\t\t\t<\/div>D\u00d4ME CLUB THE SIGNATURE OF EXCLUSIVITYReserved for our most loyal and committed clients, D\u00d4ME CLUB embodies the very essence of privilege and bespoke service. A true private circle, it offers its members privileged [&hellip;]<\/p>\n","protected":false},"author":2,"featured_media":0,"parent":7570,"menu_order":0,"comment_status":"closed","ping_status":"closed","template":"","meta":{"_acf_changed":false,"_seopress_robots_primary_cat":"","_seopress_titles_title":"D\u00f4me Club x Dom P\u00e9rignon","_seopress_titles_desc":"Reserved for our most loyal and committed clients, D\u00d4ME CLUB embodies the very essence of privilege and bespoke service.","_seopress_robots_index":"","_et_pb_use_builder":"on","_et_pb_old_content":"","_et_gb_content_width":"","footnotes":""},"class_list":["post-7549","page","type-page","status-publish","hentry"],"acf":[],"_links":{"self":[{"href":"https:\/\/dome-collection.com\/en\/wp-json\/wp\/v2\/pages\/7549","targetHints":{"allow":["GET"]}}],"collection":[{"href":"https:\/\/dome-collection.com\/en\/wp-json\/wp\/v2\/pages"}],"about":[{"href":"https:\/\/dome-collection.com\/en\/wp-json\/wp\/v2\/types\/page"}],"author":[{"embeddable":true,"href":"https:\/\/dome-collection.com\/en\/wp-json\/wp\/v2\/users\/2"}],"replies":[{"embeddable":true,"href":"https:\/\/dome-collection.com\/en\/wp-json\/wp\/v2\/comments?post=7549"}],"version-history":[{"count":4,"href":"https:\/\/dome-collection.com\/en\/wp-json\/wp\/v2\/pages\/7549\/revisions"}],"predecessor-version":[{"id":13119,"href":"https:\/\/dome-collection.com\/en\/wp-json\/wp\/v2\/pages\/7549\/revisions\/13119"}],"up":[{"embeddable":true,"href":"https:\/\/dome-collection.com\/en\/wp-json\/wp\/v2\/pages\/7570"}],"wp:attachment":[{"href":"https:\/\/dome-collection.com\/en\/wp-json\/wp\/v2\/media?parent=7549"}],"curies":[{"name":"wp","href":"https:\/\/api.w.org\/{rel}","templated":true}]}}